{"id":4530,"date":"2018-09-13T08:33:12","date_gmt":"2018-09-13T08:33:12","guid":{"rendered":"http:\/\/emprendedoressostenibles.com\/?page_id=4530"},"modified":"2026-04-16T13:39:22","modified_gmt":"2026-04-16T13:39:22","slug":"home","status":"publish","type":"page","link":"https:\/\/emprendedoressostenibles.com\/val\/","title":{"rendered":"Home"},"content":{"rendered":"<p>Aprenentatge cooperatiu a l&#8217;aula, mitjan\u00e7ant treball per projectes Projecte d&#8217;innovaci\u00f3 educativa per a fomentar les capacitats emprenedores Per un nou model econ\u00f2mic, treballem els Objectius de Desenvolupament Sostenible 0DS Aprenentatge transversal i signi <a href=\"https:\/\/emprendedoressostenibles.com\/val\/\" title=\"Read more on Home\" class=\"more-link\">read more<\/a><\/p>\n<!-- AddThis Advanced Settings generic via filter on the_content --><!-- AddThis Share Buttons generic via filter on the_content -->","protected":false},"excerpt":{"rendered":"<p>Aprenentatge cooperatiu a l&#8217;aula, mitjan\u00e7ant treball per projectes Projecte d&#8217;innovaci\u00f3 educativa per a fomentar les capacitats emprenedores Per un nou model econ\u00f2mic, treballem els Objectius de Desenvolupament Sostenible 0DS Aprenentatge transversal i signi read more<!-- AddThis Advanced Settings generic via filter on get_the_excerpt --><!-- AddThis Share Buttons generic via filter on get_the_excerpt --><\/p>\n","protected":false},"author":1,"featured_media":0,"parent":0,"menu_order":0,"comment_status":"closed","ping_status":"closed","template":"","meta":{"_mi_skip_tracking":false},"_links":{"self":[{"href":"https:\/\/emprendedoressostenibles.com\/val\/wp-json\/wp\/v2\/pages\/4530"}],"collection":[{"href":"https:\/\/emprendedoressostenibles.com\/val\/wp-json\/wp\/v2\/pages"}],"about":[{"href":"https:\/\/emprendedoressostenibles.com\/val\/wp-json\/wp\/v2\/types\/page"}],"author":[{"embeddable":true,"href":"https:\/\/emprendedoressostenibles.com\/val\/wp-json\/wp\/v2\/users\/1"}],"replies":[{"embeddable":true,"href":"https:\/\/emprendedoressostenibles.com\/val\/wp-json\/wp\/v2\/comments?post=4530"}],"version-history":[{"count":3,"href":"https:\/\/emprendedoressostenibles.com\/val\/wp-json\/wp\/v2\/pages\/4530\/revisions"}],"predecessor-version":[{"id":45652,"href":"https:\/\/emprendedoressostenibles.com\/val\/wp-json\/wp\/v2\/pages\/4530\/revisions\/45652"}],"wp:attachment":[{"href":"https:\/\/emprendedoressostenibles.com\/val\/wp-json\/wp\/v2\/media?parent=4530"}],"curies":[{"name":"wp","href":"https:\/\/api.w.org\/{rel}","templated":true}]}}