{"id":5251,"date":"2018-12-13T08:34:56","date_gmt":"2018-12-13T08:34:56","guid":{"rendered":"http:\/\/emprendedoressostenibles.com\/?page_id=5251"},"modified":"2018-12-14T09:04:24","modified_gmt":"2018-12-14T09:04:24","slug":"qui-som","status":"publish","type":"page","link":"https:\/\/emprendedoressostenibles.com\/val\/qui-som\/","title":{"rendered":"Qui som"},"content":{"rendered":"<p>Qui som \u00b7 Escoles d&#8217;Emprenedors i Emprenedores Sostenibles \u00b7 Som integrants de l&#8217;equip t\u00e8cnic de Natura i Cultura, un equip hum\u00e0, proper i amb gran experi\u00e8ncia en el disseny i desenvolupament d&#8217;activitats d&#8217;educaci\u00f3 ambiental per al desenvolupame <a href=\"https:\/\/emprendedoressostenibles.com\/val\/qui-som\/\" title=\"Read more on Qui som\" class=\"more-link\">read more<\/a><\/p>\n<!-- AddThis Advanced Settings generic via filter on the_content --><!-- AddThis Share Buttons generic via filter on the_content -->","protected":false},"excerpt":{"rendered":"<p>Qui som \u00b7 Escoles d&#8217;Emprenedors i Emprenedores Sostenibles \u00b7 Som integrants de l&#8217;equip t\u00e8cnic de Natura i Cultura, un equip hum\u00e0, proper i amb gran experi\u00e8ncia en el disseny i desenvolupament d&#8217;activitats d&#8217;educaci\u00f3 ambiental per al desenvolupame read more<!-- AddThis Advanced Settings generic via filter on get_the_excerpt --><!-- AddThis Share Buttons generic via filter on get_the_excerpt --><\/p>\n","protected":false},"author":1,"featured_media":0,"parent":0,"menu_order":0,"comment_status":"closed","ping_status":"closed","template":"","meta":{"_mi_skip_tracking":false},"_links":{"self":[{"href":"https:\/\/emprendedoressostenibles.com\/val\/wp-json\/wp\/v2\/pages\/5251"}],"collection":[{"href":"https:\/\/emprendedoressostenibles.com\/val\/wp-json\/wp\/v2\/pages"}],"about":[{"href":"https:\/\/emprendedoressostenibles.com\/val\/wp-json\/wp\/v2\/types\/page"}],"author":[{"embeddable":true,"href":"https:\/\/emprendedoressostenibles.com\/val\/wp-json\/wp\/v2\/users\/1"}],"replies":[{"embeddable":true,"href":"https:\/\/emprendedoressostenibles.com\/val\/wp-json\/wp\/v2\/comments?post=5251"}],"version-history":[{"count":0,"href":"https:\/\/emprendedoressostenibles.com\/val\/wp-json\/wp\/v2\/pages\/5251\/revisions"}],"wp:attachment":[{"href":"https:\/\/emprendedoressostenibles.com\/val\/wp-json\/wp\/v2\/media?parent=5251"}],"curies":[{"name":"wp","href":"https:\/\/api.w.org\/{rel}","templated":true}]}}