{"id":5254,"date":"2018-12-13T08:35:34","date_gmt":"2018-12-13T08:35:34","guid":{"rendered":"http:\/\/emprendedoressostenibles.com\/?page_id=5254"},"modified":"2022-11-17T09:30:41","modified_gmt":"2022-11-17T09:30:41","slug":"com-ho-fem","status":"publish","type":"page","link":"https:\/\/emprendedoressostenibles.com\/val\/com-ho-fem\/","title":{"rendered":"Com ho fem"},"content":{"rendered":"<p>College-Studenten sind oft mit viel Angst am Anfang konfrontiert College. Projekte, die sie abschlie\u00dfen m\u00fcssen.|Sch\u00fcler m\u00fcssen sich mit einem ganz anderen Lernstil, und sie m\u00fcssen besorgt dar\u00fcber, wie sie werden daf\u00fcr bezahlen.} {Dann gibt es die Tatsache dass sie leben <a href=\"https:\/\/emprendedoressostenibles.com\/val\/com-ho-fem\/\" title=\"Read more on Com ho fem\" class=\"more-link\">read more<\/a><\/p>\n<!-- AddThis Advanced Settings generic via filter on the_content --><!-- AddThis Share Buttons generic via filter on the_content -->","protected":false},"excerpt":{"rendered":"<p>College-Studenten sind oft mit viel Angst am Anfang konfrontiert College. Projekte, die sie abschlie\u00dfen m\u00fcssen.|Sch\u00fcler m\u00fcssen sich mit einem ganz anderen Lernstil, und sie m\u00fcssen besorgt dar\u00fcber, wie sie werden daf\u00fcr bezahlen.} {Dann gibt es die Tatsache dass sie leben read more<!-- AddThis Advanced Settings generic via filter on get_the_excerpt --><!-- AddThis Share Buttons generic via filter on get_the_excerpt --><\/p>\n","protected":false},"author":1,"featured_media":0,"parent":0,"menu_order":0,"comment_status":"closed","ping_status":"closed","template":"","meta":{"_mi_skip_tracking":false},"_links":{"self":[{"href":"https:\/\/emprendedoressostenibles.com\/val\/wp-json\/wp\/v2\/pages\/5254"}],"collection":[{"href":"https:\/\/emprendedoressostenibles.com\/val\/wp-json\/wp\/v2\/pages"}],"about":[{"href":"https:\/\/emprendedoressostenibles.com\/val\/wp-json\/wp\/v2\/types\/page"}],"author":[{"embeddable":true,"href":"https:\/\/emprendedoressostenibles.com\/val\/wp-json\/wp\/v2\/users\/1"}],"replies":[{"embeddable":true,"href":"https:\/\/emprendedoressostenibles.com\/val\/wp-json\/wp\/v2\/comments?post=5254"}],"version-history":[{"count":3,"href":"https:\/\/emprendedoressostenibles.com\/val\/wp-json\/wp\/v2\/pages\/5254\/revisions"}],"predecessor-version":[{"id":9887,"href":"https:\/\/emprendedoressostenibles.com\/val\/wp-json\/wp\/v2\/pages\/5254\/revisions\/9887"}],"wp:attachment":[{"href":"https:\/\/emprendedoressostenibles.com\/val\/wp-json\/wp\/v2\/media?parent=5254"}],"curies":[{"name":"wp","href":"https:\/\/api.w.org\/{rel}","templated":true}]}}